{"id":8995,"date":"2025-03-11T12:35:31","date_gmt":"2025-03-11T11:35:31","guid":{"rendered":"https:\/\/karo-one-rent.pl\/?page_id=8995"},"modified":"2026-03-19T10:02:51","modified_gmt":"2026-03-19T09:02:51","slug":"o-nas","status":"publish","type":"page","link":"https:\/\/karo-one-rent.pl\/en\/o-nas\/","title":{"rendered":"About us"},"content":{"rendered":"<div data-elementor-type=\"wp-page\" data-elementor-id=\"8995\" class=\"elementor elementor-8995\">\n\t\t\t\t<div class=\"elementor-element elementor-element-d9068f7 e-flex e-con-boxed e-con e-parent\" data-id=\"d9068f7\" data-element_type=\"container\">\n\t\t\t\t\t<div class=\"e-con-inner\">\n\t\t\t\t<div class=\"elementor-element elementor-element-5d1f5ad elementor-widget elementor-widget-text-editor\" data-id=\"5d1f5ad\" data-element_type=\"widget\" data-widget_type=\"text-editor.default\">\n\t\t\t\t<div class=\"elementor-widget-container\">\n\t\t\t\t\t\t\t\t\t<p>Oferujemy wynajem samochod\u00f3w na przejrzystych i dogodnych warunkach.\u00a0<\/p>\t\t\t\t\t\t\t\t<\/div>\n\t\t\t\t<\/div>\n\t\t\t\t<div class=\"elementor-element elementor-element-00841c8 elementor-widget elementor-widget-text-editor\" data-id=\"00841c8\" data-element_type=\"widget\" data-widget_type=\"text-editor.default\">\n\t\t\t\t<div class=\"elementor-widget-container\">\n\t\t\t\t\t\t\t\t\t<p>Naszym priorytetem jest bezpiecze\u0144stwo oraz komfort klient\u00f3w, dlatego ka\u017cdy pojazd w naszej flocie jest regularnie serwisowany, w pe\u0142ni sprawny i obj\u0119ty pe\u0142nym ubezpieczeniem.<\/p>\t\t\t\t\t\t\t\t<\/div>\n\t\t\t\t<\/div>\n\t\t\t\t<div class=\"elementor-element elementor-element-d37d864 elementor-widget elementor-widget-text-editor\" data-id=\"d37d864\" data-element_type=\"widget\" data-widget_type=\"text-editor.default\">\n\t\t\t\t<div class=\"elementor-widget-container\">\n\t\t\t\t\t\t\t\t\t<p>Zapewniamy szybki i prosty proces wynajmu \u2013 minimum formalno\u015bci i maksimum wygody. Wystarczy kilka krok\u00f3w, aby odebra\u0107 wybrany pojazd i ruszy\u0107 w drog\u0119.<\/p>\t\t\t\t\t\t\t\t<\/div>\n\t\t\t\t<\/div>\n\t\t\t\t<div class=\"elementor-element elementor-element-f3ae974 elementor-widget elementor-widget-text-editor\" data-id=\"f3ae974\" data-element_type=\"widget\" data-widget_type=\"text-editor.default\">\n\t\t\t\t<div class=\"elementor-widget-container\">\n\t\t\t\t\t\t\t\t\t<p>Dzia\u0142amy na terenie Tr\u00f3jmiasta i okolic, oferuj\u0105c wynajem kr\u00f3tko- i d\u0142ugoterminowy. Nasza oferta skierowana jest zar\u00f3wno do klient\u00f3w indywidualnych i firm, jak i kierowc\u00f3w wsp\u00f3\u0142pracuj\u0105cych z platformami takimi jak Uber czy bran\u017c\u0105 dostawcz\u0105.<\/p>\t\t\t\t\t\t\t\t<\/div>\n\t\t\t\t<\/div>\n\t\t\t\t<div class=\"elementor-element elementor-element-70a4baf elementor-widget elementor-widget-text-editor\" data-id=\"70a4baf\" data-element_type=\"widget\" data-widget_type=\"text-editor.default\">\n\t\t\t\t<div class=\"elementor-widget-container\">\n\t\t\t\t\t\t\t\t\t<p>Dysponujemy szerok\u0105 flot\u0105 pojazd\u00f3w \u2013 od samochod\u00f3w osobowych, przez skutery, a\u017c po busy. Elastycznie dopasowujemy warunki wynajmu do Twoich potrzeb, niezale\u017cnie od tego, czy potrzebujesz auta na kilka dni, czy na d\u0142u\u017cszy okres.<\/p>\t\t\t\t\t\t\t\t<\/div>\n\t\t\t\t<\/div>\n\t\t\t\t<div class=\"elementor-element elementor-element-3671847 elementor-widget elementor-widget-text-editor\" data-id=\"3671847\" data-element_type=\"widget\" data-widget_type=\"text-editor.default\">\n\t\t\t\t<div class=\"elementor-widget-container\">\n\t\t\t\t\t\t\t\t\t<h4>Postaw na wygod\u0119, bezpiecze\u0144stwo i sprawdzon\u0105 obs\u0142ug\u0119. Skorzystaj z naszej oferty i podr\u00f3\u017cuj bez zb\u0119dnych formalno\u015bci.<\/h4>\t\t\t\t\t\t\t\t<\/div>\n\t\t\t\t<\/div>\n\t\t\t\t\t<\/div>\n\t\t\t\t<\/div>\n\t\t<div class=\"elementor-element elementor-element-4cad2db e-flex e-con-boxed e-con e-parent\" data-id=\"4cad2db\" data-element_type=\"container\">\n\t\t\t\t\t<div class=\"e-con-inner\">\n\t\t\t\t<div class=\"elementor-element elementor-element-5ce5c4e elementor-widget elementor-widget-spacer\" data-id=\"5ce5c4e\" data-element_type=\"widget\" data-widget_type=\"spacer.default\">\n\t\t\t\t<div class=\"elementor-widget-container\">\n\t\t\t\t\t\t\t<div class=\"elementor-spacer\">\n\t\t\t<div class=\"elementor-spacer-inner\"><\/div>\n\t\t<\/div>\n\t\t\t\t\t\t<\/div>\n\t\t\t\t<\/div>\n\t\t\t\t\t<\/div>\n\t\t\t\t<\/div>\n\t\t<div class=\"elementor-element elementor-element-c58d3eb e-flex e-con-boxed e-con e-parent\" data-id=\"c58d3eb\" data-element_type=\"container\">\n\t\t\t\t\t<div class=\"e-con-inner\">\n\t\t\t\t<div class=\"elementor-element elementor-element-9325a5a elementor-widget elementor-widget-heading\" data-id=\"9325a5a\" data-element_type=\"widget\" data-widget_type=\"heading.default\">\n\t\t\t\t<div class=\"elementor-widget-container\">\n\t\t\t\t\t<h1 class=\"elementor-heading-title elementor-size-default\">Rent a car<\/h1>\t\t\t\t<\/div>\n\t\t\t\t<\/div>\n\t\t\t\t\t<\/div>\n\t\t\t\t<\/div>\n\t\t<div class=\"elementor-element elementor-element-d1afe94 e-flex e-con-boxed e-con e-parent\" data-id=\"d1afe94\" data-element_type=\"container\">\n\t\t\t\t\t<div class=\"e-con-inner\">\n\t\t\t\t<div class=\"elementor-element elementor-element-528dabb elementor-widget elementor-widget-spacer\" data-id=\"528dabb\" data-element_type=\"widget\" data-widget_type=\"spacer.default\">\n\t\t\t\t<div class=\"elementor-widget-container\">\n\t\t\t\t\t\t\t<div class=\"elementor-spacer\">\n\t\t\t<div class=\"elementor-spacer-inner\"><\/div>\n\t\t<\/div>\n\t\t\t\t\t\t<\/div>\n\t\t\t\t<\/div>\n\t\t\t\t\t<\/div>\n\t\t\t\t<\/div>\n\t\t<div class=\"elementor-element elementor-element-8dd4c9d e-flex e-con-boxed e-con e-parent\" data-id=\"8dd4c9d\" data-element_type=\"container\">\n\t\t\t\t\t<div class=\"e-con-inner\">\n\t\t\t\t<div class=\"elementor-element elementor-element-d95275f elementor-widget elementor-widget-ovabrw_product_filter\" data-id=\"d95275f\" data-element_type=\"widget\" data-settings=\"{&quot;pause_on_hover&quot;:&quot;yes&quot;,&quot;infinite&quot;:&quot;false&quot;,&quot;autoplay&quot;:&quot;false&quot;,&quot;nav_control&quot;:&quot;yes&quot;,&quot;dots_control&quot;:&quot;yes&quot;}\" data-widget_type=\"ovabrw_product_filter.default\">\n\t\t\t\t<div class=\"elementor-widget-container\">\n\t\t\t\t\t\t<div class=\"ovabrw-product-filter\">\n\t\t<div class=\"ovabrw-product-filter-slide owl-carousel owl-theme\" data-options=\"{&quot;items&quot;:3,&quot;slideBy&quot;:1,&quot;margin&quot;:25,&quot;autoplayTimeout&quot;:&quot;&quot;,&quot;smartSpeed&quot;:500,&quot;autoplayHoverPause&quot;:true,&quot;loop&quot;:false,&quot;autoplay&quot;:false,&quot;nav&quot;:true,&quot;dots&quot;:true,&quot;rtl&quot;:false,&quot;nav_left&quot;:&quot;brwicon-left&quot;,&quot;nav_right&quot;:&quot;brwicon-right-1&quot;,&quot;responsive&quot;:{&quot;0&quot;:{&quot;items&quot;:1,&quot;nav&quot;:false,&quot;slideBy&quot;:1},&quot;769&quot;:{&quot;items&quot;:2,&quot;nav&quot;:false,&quot;slideBy&quot;:1},&quot;1024&quot;:{&quot;items&quot;:3,&quot;nav&quot;:false,&quot;slideBy&quot;:1},&quot;1200&quot;:{&quot;items&quot;:3,&quot;nav&quot;:true,&quot;slideBy&quot;:1}}}\">\n\t\t\t\t\t\t\t<div class=\"item\">\n\t\t\t\t\t\n<div class=\"ovabrw-card-template ovabrw-card1\">\n\t<div class=\"ovabrw-card-header\">\n\t\t    <div class=\"ovabrw-gallery-popup\">\n    \t\t    \t<div class=\"ovabrw-product-img-feature\">\n\t    \t\t<a href=\"https:\/\/karo-one-rent.pl\/en\/wynajem\/wynajem\/skoda-ii-2\/\" class=\"ovabrw-product-link\">\n\t\t    \t\t\t            \t\t<img decoding=\"async\" src=\"https:\/\/karo-one-rent.pl\/wp-content\/uploads\/2025\/02\/karo-autos6-700x551.jpg\" alt=\"karo-one-rent.pl\">\n\t            \t            \t<\/a>\n\t    \t<\/div>\n\t        <\/div>\n<div style=\"display: none !important;\">\n\t<div class=\"woocommerce-product-gallery woocommerce-product-gallery--with-images woocommerce-product-gallery--columns-4 images\" data-columns=\"4\" style=\"opacity: 0; transition: opacity .25s ease-in-out;\">\n\t<div class=\"woocommerce-product-gallery__wrapper\">\n\t\t<div data-thumb=\"https:\/\/karo-one-rent.pl\/wp-content\/uploads\/2025\/02\/karo-autos6.jpg\" data-thumb-alt=\"karo-one-rent.pl\" data-thumb-srcset=\"https:\/\/karo-one-rent.pl\/wp-content\/uploads\/2025\/02\/karo-autos6.jpg 900w, https:\/\/karo-one-rent.pl\/wp-content\/uploads\/2025\/02\/karo-autos6-700x551.jpg 700w, https:\/\/karo-one-rent.pl\/wp-content\/uploads\/2025\/02\/karo-autos6-300x236.jpg 300w, https:\/\/karo-one-rent.pl\/wp-content\/uploads\/2025\/02\/karo-autos6-768x605.jpg 768w\"  data-thumb-sizes=\"(max-width: 300px) 100vw, 300px\" class=\"woocommerce-product-gallery__image\"><a href=\"https:\/\/karo-one-rent.pl\/wp-content\/uploads\/2025\/02\/karo-autos6.jpg\"><img fetchpriority=\"high\" decoding=\"async\" width=\"700\" height=\"551\" src=\"https:\/\/karo-one-rent.pl\/wp-content\/uploads\/2025\/02\/karo-autos6-700x551.jpg\" class=\"wp-post-image\" alt=\"karo-one-rent.pl\" data-caption=\"\" data-src=\"https:\/\/karo-one-rent.pl\/wp-content\/uploads\/2025\/02\/karo-autos6.jpg\" data-large_image=\"https:\/\/karo-one-rent.pl\/wp-content\/uploads\/2025\/02\/karo-autos6.jpg\" data-large_image_width=\"900\" data-large_image_height=\"709\" srcset=\"https:\/\/karo-one-rent.pl\/wp-content\/uploads\/2025\/02\/karo-autos6-700x551.jpg 700w, https:\/\/karo-one-rent.pl\/wp-content\/uploads\/2025\/02\/karo-autos6-300x236.jpg 300w, https:\/\/karo-one-rent.pl\/wp-content\/uploads\/2025\/02\/karo-autos6-768x605.jpg 768w, https:\/\/karo-one-rent.pl\/wp-content\/uploads\/2025\/02\/karo-autos6.jpg 900w\" sizes=\"(max-width: 700px) 100vw, 700px\" \/><\/a><\/div><div data-thumb=\"https:\/\/karo-one-rent.pl\/wp-content\/uploads\/2025\/02\/karo-autos7.jpg\" data-thumb-alt=\"karo-one-rent.pl\" data-thumb-srcset=\"https:\/\/karo-one-rent.pl\/wp-content\/uploads\/2025\/02\/karo-autos7.jpg 900w, https:\/\/karo-one-rent.pl\/wp-content\/uploads\/2025\/02\/karo-autos7-700x551.jpg 700w, https:\/\/karo-one-rent.pl\/wp-content\/uploads\/2025\/02\/karo-autos7-300x236.jpg 300w, https:\/\/karo-one-rent.pl\/wp-content\/uploads\/2025\/02\/karo-autos7-768x605.jpg 768w\"  data-thumb-sizes=\"(max-width: 300px) 100vw, 300px\" class=\"woocommerce-product-gallery__image\"><a href=\"https:\/\/karo-one-rent.pl\/wp-content\/uploads\/2025\/02\/karo-autos7.jpg\"><img decoding=\"async\" width=\"700\" height=\"551\" src=\"https:\/\/karo-one-rent.pl\/wp-content\/uploads\/2025\/02\/karo-autos7-700x551.jpg\" class=\"\" alt=\"karo-one-rent.pl\" data-caption=\"\" data-src=\"https:\/\/karo-one-rent.pl\/wp-content\/uploads\/2025\/02\/karo-autos7.jpg\" data-large_image=\"https:\/\/karo-one-rent.pl\/wp-content\/uploads\/2025\/02\/karo-autos7.jpg\" data-large_image_width=\"900\" data-large_image_height=\"709\" srcset=\"https:\/\/karo-one-rent.pl\/wp-content\/uploads\/2025\/02\/karo-autos7-700x551.jpg 700w, https:\/\/karo-one-rent.pl\/wp-content\/uploads\/2025\/02\/karo-autos7-300x236.jpg 300w, https:\/\/karo-one-rent.pl\/wp-content\/uploads\/2025\/02\/karo-autos7-768x605.jpg 768w, https:\/\/karo-one-rent.pl\/wp-content\/uploads\/2025\/02\/karo-autos7.jpg 900w\" sizes=\"(max-width: 700px) 100vw, 700px\" \/><\/a><\/div>\t<\/div>\n<\/div>\n<\/div>\t\t\t<\/div>\n\t<div class=\"ovabrw-card-content\">\n\t\t\t\t\t<h2 class=\"ovabrw-title\">\n\t\t<a href=\"https:\/\/karo-one-rent.pl\/en\/wynajem\/wynajem\/skoda-ii-2\/\">\n\t\t\tSkoda II\t\t<\/a>\n\t<\/h2>\n\t\t<div class=\"ovabrw-price\">\n\t\t    \t\t<span class=\"amount\">\n\t    \t\t\t<span class=\"woocommerce-Price-amount amount\"><bdi>400,00&nbsp;<span class=\"woocommerce-Price-currencySymbol\">&#122;&#322;<\/span><\/bdi><\/span>\t    \t\t<\/span>\n\t\t        <span class=\"unit\">\n\t\t        \t-\t\t        <\/span>\n\t\t\t\t<span class=\"amount\">\n\t\t\t\t\t<span class=\"woocommerce-Price-amount amount\"><bdi>1600,00&nbsp;<span class=\"woocommerce-Price-currencySymbol\">&#122;&#322;<\/span><\/bdi><\/span>\t\t\t\t<\/span>\n\t    \t<\/div>\t\t\t\t\t<ul class=\"ovabrw-features\">\n\t\t\t\t\t<li class=\"item-feature\">\n\t\t\t\t\t\t\t\t\t<i aria-hidden=\"true\" class=\"flaticon-seat\"><\/i>\n\t\t\t\t\t\t\t\t<span>5 Places<\/span>\n\t\t\t<\/li>\n\t\t\t\t\t<li class=\"item-feature\">\n\t\t\t\t\t\t\t\t\t<i aria-hidden=\"true\" class=\"flaticon-gearbox\"><\/i>\n\t\t\t\t\t\t\t\t<span>Manual<\/span>\n\t\t\t<\/li>\n\t\t\t\t\t<li class=\"item-feature\">\n\t\t\t\t\t\t\t\t\t<i aria-hidden=\"true\" class=\"flaticon-car-door\"><\/i>\n\t\t\t\t\t\t\t\t<span>5 Doors<\/span>\n\t\t\t<\/li>\n\t\t\t\t\t<li class=\"item-feature\">\n\t\t\t\t\t\t\t\t\t<i aria-hidden=\"true\" class=\"flaticon-gas-station\"><\/i>\n\t\t\t\t\t\t\t\t<span>Petrol\/LPG<\/span>\n\t\t\t<\/li>\n\t\t\t<\/ul>\n\t\t\t\t\t\t\t<p class=\"ovabrw-short-description\">\n\t\tThe rented car can be picked up in Gda\u0144sk, in the town of Kowale, with the possibility of delivering the vehicle to the specified address. We offer car rental both in...\t<\/p>\n\n\t\t<div class=\"ovabrw-card-btn\">\n\t\t\t    <a href=\"https:\/\/karo-one-rent.pl\/en\/wynajem\/wynajem\/skoda-ii-2\/\" class=\"ovabrw-button\">\n        Book Now        <i class=\"brwicon-right\" aria-hidden=\"true\"><\/i>\n    <\/a>\n\t\t<\/div>\n\t<\/div>\n<\/div>\t\t\t\t<\/div>\n\t\t\t\t\t\t\t<div class=\"item\">\n\t\t\t\t\t\n<div class=\"ovabrw-card-template ovabrw-card1\">\n\t<div class=\"ovabrw-card-header\">\n\t\t    <div class=\"ovabrw-gallery-popup\">\n    \t\t    \t<div class=\"ovabrw-product-img-feature\">\n\t    \t\t<a href=\"https:\/\/karo-one-rent.pl\/en\/wynajem\/wynajem\/opel-astra-2-2\/\" class=\"ovabrw-product-link\">\n\t\t    \t\t\t            \t\t<img decoding=\"async\" src=\"https:\/\/karo-one-rent.pl\/wp-content\/uploads\/2025\/02\/3.jpg\" alt=\"Opel Astra\">\n\t            \t            \t<\/a>\n\t    \t<\/div>\n\t        <\/div>\n<div style=\"display: none !important;\">\n\t<div class=\"woocommerce-product-gallery woocommerce-product-gallery--with-images woocommerce-product-gallery--columns-4 images\" data-columns=\"4\" style=\"opacity: 0; transition: opacity .25s ease-in-out;\">\n\t<div class=\"woocommerce-product-gallery__wrapper\">\n\t\t<div data-thumb=\"https:\/\/karo-one-rent.pl\/wp-content\/uploads\/2025\/02\/3.jpg\" data-thumb-alt=\"Opel Astra\" data-thumb-srcset=\"https:\/\/karo-one-rent.pl\/wp-content\/uploads\/2025\/02\/3.jpg 569w, https:\/\/karo-one-rent.pl\/wp-content\/uploads\/2025\/02\/3-300x204.jpg 300w\"  data-thumb-sizes=\"(max-width: 300px) 100vw, 300px\" class=\"woocommerce-product-gallery__image\"><a href=\"https:\/\/karo-one-rent.pl\/wp-content\/uploads\/2025\/02\/3.jpg\"><img decoding=\"async\" width=\"569\" height=\"387\" src=\"https:\/\/karo-one-rent.pl\/wp-content\/uploads\/2025\/02\/3.jpg\" class=\"wp-post-image\" alt=\"Opel Astra\" data-caption=\"\" data-src=\"https:\/\/karo-one-rent.pl\/wp-content\/uploads\/2025\/02\/3.jpg\" data-large_image=\"https:\/\/karo-one-rent.pl\/wp-content\/uploads\/2025\/02\/3.jpg\" data-large_image_width=\"569\" data-large_image_height=\"387\" srcset=\"https:\/\/karo-one-rent.pl\/wp-content\/uploads\/2025\/02\/3.jpg 569w, https:\/\/karo-one-rent.pl\/wp-content\/uploads\/2025\/02\/3-300x204.jpg 300w\" sizes=\"(max-width: 569px) 100vw, 569px\" \/><\/a><\/div><div data-thumb=\"https:\/\/karo-one-rent.pl\/wp-content\/uploads\/2025\/02\/3.jpg\" data-thumb-alt=\"Opel Astra\" data-thumb-srcset=\"https:\/\/karo-one-rent.pl\/wp-content\/uploads\/2025\/02\/3.jpg 569w, https:\/\/karo-one-rent.pl\/wp-content\/uploads\/2025\/02\/3-300x204.jpg 300w\"  data-thumb-sizes=\"(max-width: 300px) 100vw, 300px\" class=\"woocommerce-product-gallery__image\"><a href=\"https:\/\/karo-one-rent.pl\/wp-content\/uploads\/2025\/02\/3.jpg\"><img loading=\"lazy\" decoding=\"async\" width=\"569\" height=\"387\" src=\"https:\/\/karo-one-rent.pl\/wp-content\/uploads\/2025\/02\/3.jpg\" class=\"\" alt=\"Opel Astra\" data-caption=\"\" data-src=\"https:\/\/karo-one-rent.pl\/wp-content\/uploads\/2025\/02\/3.jpg\" data-large_image=\"https:\/\/karo-one-rent.pl\/wp-content\/uploads\/2025\/02\/3.jpg\" data-large_image_width=\"569\" data-large_image_height=\"387\" srcset=\"https:\/\/karo-one-rent.pl\/wp-content\/uploads\/2025\/02\/3.jpg 569w, https:\/\/karo-one-rent.pl\/wp-content\/uploads\/2025\/02\/3-300x204.jpg 300w\" sizes=\"(max-width: 569px) 100vw, 569px\" \/><\/a><\/div>\t<\/div>\n<\/div>\n<\/div>\t\t\t<\/div>\n\t<div class=\"ovabrw-card-content\">\n\t\t\t\t\t<h2 class=\"ovabrw-title\">\n\t\t<a href=\"https:\/\/karo-one-rent.pl\/en\/wynajem\/wynajem\/opel-astra-2-2\/\">\n\t\t\tOpel Astra 2\t\t<\/a>\n\t<\/h2>\n\t\t<div class=\"ovabrw-price\">\n\t\t    \t\t<span class=\"amount\">\n\t    \t\t\t<span class=\"woocommerce-Price-amount amount\"><bdi>400,00&nbsp;<span class=\"woocommerce-Price-currencySymbol\">&#122;&#322;<\/span><\/bdi><\/span>\t    \t\t<\/span>\n\t\t        <span class=\"unit\">\n\t\t        \t-\t\t        <\/span>\n\t\t\t\t<span class=\"amount\">\n\t\t\t\t\t<span class=\"woocommerce-Price-amount amount\"><bdi>1600,00&nbsp;<span class=\"woocommerce-Price-currencySymbol\">&#122;&#322;<\/span><\/bdi><\/span>\t\t\t\t<\/span>\n\t    \t<\/div>\t\t\t\t\t<ul class=\"ovabrw-features\">\n\t\t\t\t\t<li class=\"item-feature\">\n\t\t\t\t\t\t\t\t\t<i aria-hidden=\"true\" class=\"flaticon-gearbox\"><\/i>\n\t\t\t\t\t\t\t\t<span>Manual<\/span>\n\t\t\t<\/li>\n\t\t\t\t\t<li class=\"item-feature\">\n\t\t\t\t\t\t\t\t\t<i aria-hidden=\"true\" class=\"flaticon-car-door\"><\/i>\n\t\t\t\t\t\t\t\t<span>5 Doors<\/span>\n\t\t\t<\/li>\n\t\t\t\t\t<li class=\"item-feature\">\n\t\t\t\t\t\t\t\t\t<i aria-hidden=\"true\" class=\"flaticon-gas-station\"><\/i>\n\t\t\t\t\t\t\t\t<span>Petrol<\/span>\n\t\t\t<\/li>\n\t\t\t\t\t<li class=\"item-feature\">\n\t\t\t\t\t\t\t\t\t<i aria-hidden=\"true\" class=\"flaticon-seat\"><\/i>\n\t\t\t\t\t\t\t\t<span>5 places<\/span>\n\t\t\t<\/li>\n\t\t\t<\/ul>\n\t\t\t\t\t\t\t<p class=\"ovabrw-short-description\">\n\t\tThe rented car can be picked up in Gda\u0144sk, in the town of Kowale, with the possibility of delivering the vehicle to the specified address. We offer car rental both in...\t<\/p>\n\n\t\t<div class=\"ovabrw-card-btn\">\n\t\t\t    <a href=\"https:\/\/karo-one-rent.pl\/en\/wynajem\/wynajem\/opel-astra-2-2\/\" class=\"ovabrw-button\">\n        Book Now        <i class=\"brwicon-right\" aria-hidden=\"true\"><\/i>\n    <\/a>\n\t\t<\/div>\n\t<\/div>\n<\/div>\t\t\t\t<\/div>\n\t\t\t\t\t\t\t<div class=\"item\">\n\t\t\t\t\t\n<div class=\"ovabrw-card-template ovabrw-card1\">\n\t<div class=\"ovabrw-card-header\">\n\t\t    <div class=\"ovabrw-gallery-popup\">\n    \t\t    \t<div class=\"ovabrw-product-img-feature\">\n\t    \t\t<a href=\"https:\/\/karo-one-rent.pl\/en\/wynajem\/wynajem\/opel-astra-2\/\" class=\"ovabrw-product-link\">\n\t\t    \t\t\t            \t\t<img decoding=\"async\" src=\"https:\/\/karo-one-rent.pl\/wp-content\/uploads\/2025\/02\/opel-13-700x551.jpg\" alt=\"karo-one-rent.pl\">\n\t            \t            \t<\/a>\n\t    \t<\/div>\n\t        <\/div>\n<div style=\"display: none !important;\">\n\t<div class=\"woocommerce-product-gallery woocommerce-product-gallery--with-images woocommerce-product-gallery--columns-4 images\" data-columns=\"4\" style=\"opacity: 0; transition: opacity .25s ease-in-out;\">\n\t<div class=\"woocommerce-product-gallery__wrapper\">\n\t\t<div data-thumb=\"https:\/\/karo-one-rent.pl\/wp-content\/uploads\/2025\/02\/opel-13.jpg\" data-thumb-alt=\"karo-one-rent.pl\" data-thumb-srcset=\"https:\/\/karo-one-rent.pl\/wp-content\/uploads\/2025\/02\/opel-13.jpg 900w, https:\/\/karo-one-rent.pl\/wp-content\/uploads\/2025\/02\/opel-13-700x551.jpg 700w, https:\/\/karo-one-rent.pl\/wp-content\/uploads\/2025\/02\/opel-13-300x236.jpg 300w, https:\/\/karo-one-rent.pl\/wp-content\/uploads\/2025\/02\/opel-13-768x605.jpg 768w\"  data-thumb-sizes=\"(max-width: 300px) 100vw, 300px\" class=\"woocommerce-product-gallery__image\"><a href=\"https:\/\/karo-one-rent.pl\/wp-content\/uploads\/2025\/02\/opel-13.jpg\"><img loading=\"lazy\" decoding=\"async\" width=\"700\" height=\"551\" src=\"https:\/\/karo-one-rent.pl\/wp-content\/uploads\/2025\/02\/opel-13-700x551.jpg\" class=\"wp-post-image\" alt=\"karo-one-rent.pl\" data-caption=\"\" data-src=\"https:\/\/karo-one-rent.pl\/wp-content\/uploads\/2025\/02\/opel-13.jpg\" data-large_image=\"https:\/\/karo-one-rent.pl\/wp-content\/uploads\/2025\/02\/opel-13.jpg\" data-large_image_width=\"900\" data-large_image_height=\"709\" srcset=\"https:\/\/karo-one-rent.pl\/wp-content\/uploads\/2025\/02\/opel-13-700x551.jpg 700w, https:\/\/karo-one-rent.pl\/wp-content\/uploads\/2025\/02\/opel-13-300x236.jpg 300w, https:\/\/karo-one-rent.pl\/wp-content\/uploads\/2025\/02\/opel-13-768x605.jpg 768w, https:\/\/karo-one-rent.pl\/wp-content\/uploads\/2025\/02\/opel-13.jpg 900w\" sizes=\"(max-width: 700px) 100vw, 700px\" \/><\/a><\/div><div data-thumb=\"https:\/\/karo-one-rent.pl\/wp-content\/uploads\/2025\/02\/opel-13.jpg\" data-thumb-alt=\"karo-one-rent.pl\" data-thumb-srcset=\"https:\/\/karo-one-rent.pl\/wp-content\/uploads\/2025\/02\/opel-13.jpg 900w, https:\/\/karo-one-rent.pl\/wp-content\/uploads\/2025\/02\/opel-13-700x551.jpg 700w, https:\/\/karo-one-rent.pl\/wp-content\/uploads\/2025\/02\/opel-13-300x236.jpg 300w, https:\/\/karo-one-rent.pl\/wp-content\/uploads\/2025\/02\/opel-13-768x605.jpg 768w\"  data-thumb-sizes=\"(max-width: 300px) 100vw, 300px\" class=\"woocommerce-product-gallery__image\"><a href=\"https:\/\/karo-one-rent.pl\/wp-content\/uploads\/2025\/02\/opel-13.jpg\"><img loading=\"lazy\" decoding=\"async\" width=\"700\" height=\"551\" src=\"https:\/\/karo-one-rent.pl\/wp-content\/uploads\/2025\/02\/opel-13-700x551.jpg\" class=\"\" alt=\"karo-one-rent.pl\" data-caption=\"\" data-src=\"https:\/\/karo-one-rent.pl\/wp-content\/uploads\/2025\/02\/opel-13.jpg\" data-large_image=\"https:\/\/karo-one-rent.pl\/wp-content\/uploads\/2025\/02\/opel-13.jpg\" data-large_image_width=\"900\" data-large_image_height=\"709\" srcset=\"https:\/\/karo-one-rent.pl\/wp-content\/uploads\/2025\/02\/opel-13-700x551.jpg 700w, https:\/\/karo-one-rent.pl\/wp-content\/uploads\/2025\/02\/opel-13-300x236.jpg 300w, https:\/\/karo-one-rent.pl\/wp-content\/uploads\/2025\/02\/opel-13-768x605.jpg 768w, https:\/\/karo-one-rent.pl\/wp-content\/uploads\/2025\/02\/opel-13.jpg 900w\" sizes=\"(max-width: 700px) 100vw, 700px\" \/><\/a><\/div>\t<\/div>\n<\/div>\n<\/div>\t\t\t<\/div>\n\t<div class=\"ovabrw-card-content\">\n\t\t\t\t\t<h2 class=\"ovabrw-title\">\n\t\t<a href=\"https:\/\/karo-one-rent.pl\/en\/wynajem\/wynajem\/opel-astra-2\/\">\n\t\t\tOpel Astra\t\t<\/a>\n\t<\/h2>\n\t\t<div class=\"ovabrw-price\">\n\t\t    \t\t<span class=\"amount\">\n\t    \t\t\t<span class=\"woocommerce-Price-amount amount\"><bdi>400,00&nbsp;<span class=\"woocommerce-Price-currencySymbol\">&#122;&#322;<\/span><\/bdi><\/span>\t    \t\t<\/span>\n\t\t        <span class=\"unit\">\n\t\t        \t-\t\t        <\/span>\n\t\t\t\t<span class=\"amount\">\n\t\t\t\t\t<span class=\"woocommerce-Price-amount amount\"><bdi>1600,00&nbsp;<span class=\"woocommerce-Price-currencySymbol\">&#122;&#322;<\/span><\/bdi><\/span>\t\t\t\t<\/span>\n\t    \t<\/div>\t\t\t\t\t<ul class=\"ovabrw-features\">\n\t\t\t\t\t<li class=\"item-feature\">\n\t\t\t\t\t\t\t\t\t<i aria-hidden=\"true\" class=\"flaticon-seat\"><\/i>\n\t\t\t\t\t\t\t\t<span>5 Places<\/span>\n\t\t\t<\/li>\n\t\t\t\t\t<li class=\"item-feature\">\n\t\t\t\t\t\t\t\t\t<i aria-hidden=\"true\" class=\"flaticon-gearbox\"><\/i>\n\t\t\t\t\t\t\t\t<span>Manual<\/span>\n\t\t\t<\/li>\n\t\t\t\t\t<li class=\"item-feature\">\n\t\t\t\t\t\t\t\t\t<i aria-hidden=\"true\" class=\"flaticon-car-door\"><\/i>\n\t\t\t\t\t\t\t\t<span>5 Doors<\/span>\n\t\t\t<\/li>\n\t\t\t\t\t<li class=\"item-feature\">\n\t\t\t\t\t\t\t\t\t<i aria-hidden=\"true\" class=\"flaticon-gas-station\"><\/i>\n\t\t\t\t\t\t\t\t<span>Diesel<\/span>\n\t\t\t<\/li>\n\t\t\t<\/ul>\n\t\t\t\t\t\t\t<p class=\"ovabrw-short-description\">\n\t\tThe rented car can be picked up in Gda\u0144sk, in the town of Kowale, with the possibility of delivering the vehicle to the specified address. We offer car rental both in...\t<\/p>\n\n\t\t<div class=\"ovabrw-card-btn\">\n\t\t\t    <a href=\"https:\/\/karo-one-rent.pl\/en\/wynajem\/wynajem\/opel-astra-2\/\" class=\"ovabrw-button\">\n        Book Now        <i class=\"brwicon-right\" aria-hidden=\"true\"><\/i>\n    <\/a>\n\t\t<\/div>\n\t<\/div>\n<\/div>\t\t\t\t<\/div>\n\t\t\t\t\t<\/div>\n\t<\/div>\n\t\t\t\t<\/div>\n\t\t\t\t<\/div>\n\t\t\t\t\t<\/div>\n\t\t\t\t<\/div>\n\t\t\t\t<\/div>","protected":false},"excerpt":{"rendered":"<p>Oferujemy wynajem samochod\u00f3w na przejrzystych i dogodnych warunkach. Naszym priorytetem jest bezpiecze\u0144stwo oraz komfort klient\u00f3w, dlatego ka\u017cdy pojazd w naszej flocie jest regularnie serwisowany, w pe\u0142ni sprawny i obj\u0119ty pe\u0142nym ubezpieczeniem. Zapewniamy szybki i prosty proces wynajmu \u2013 minimum formalno\u015bci i maksimum wygody. Wystarczy kilka krok\u00f3w, aby odebra\u0107 wybrany pojazd i ruszy\u0107 w drog\u0119. Dzia\u0142amy [&hellip;]<\/p>","protected":false},"author":4,"featured_media":0,"parent":0,"menu_order":0,"comment_status":"closed","ping_status":"closed","template":"elementor_header_footer","meta":{"footnotes":""},"class_list":["post-8995","page","type-page","status-publish","hentry"],"_links":{"self":[{"href":"https:\/\/karo-one-rent.pl\/en\/wp-json\/wp\/v2\/pages\/8995","targetHints":{"allow":["GET"]}}],"collection":[{"href":"https:\/\/karo-one-rent.pl\/en\/wp-json\/wp\/v2\/pages"}],"about":[{"href":"https:\/\/karo-one-rent.pl\/en\/wp-json\/wp\/v2\/types\/page"}],"author":[{"embeddable":true,"href":"https:\/\/karo-one-rent.pl\/en\/wp-json\/wp\/v2\/users\/4"}],"replies":[{"embeddable":true,"href":"https:\/\/karo-one-rent.pl\/en\/wp-json\/wp\/v2\/comments?post=8995"}],"version-history":[{"count":5,"href":"https:\/\/karo-one-rent.pl\/en\/wp-json\/wp\/v2\/pages\/8995\/revisions"}],"predecessor-version":[{"id":9327,"href":"https:\/\/karo-one-rent.pl\/en\/wp-json\/wp\/v2\/pages\/8995\/revisions\/9327"}],"wp:attachment":[{"href":"https:\/\/karo-one-rent.pl\/en\/wp-json\/wp\/v2\/media?parent=8995"}],"curies":[{"name":"wp","href":"https:\/\/api.w.org\/{rel}","templated":true}]}}