{"id":7542,"date":"2023-10-31T04:08:22","date_gmt":"2023-10-31T04:08:22","guid":{"rendered":"https:\/\/karo-one-rent.pl\/?page_id=1215"},"modified":"2025-06-23T00:00:22","modified_gmt":"2025-06-22T22:00:22","slug":"szukaj-auta","status":"publish","type":"page","link":"https:\/\/karo-one-rent.pl\/en\/szukaj-auta\/","title":{"rendered":"Search for a car"},"content":{"rendered":"<div data-elementor-type=\"wp-page\" data-elementor-id=\"7542\" class=\"elementor elementor-7542\">\n\t\t\t\t<div class=\"elementor-element elementor-element-245221e e-flex e-con-boxed e-con e-parent\" data-id=\"245221e\" data-element_type=\"container\">\n\t\t\t\t\t<div class=\"e-con-inner\">\n\t\t\t\t<div class=\"elementor-element elementor-element-fdecae1 elementor-widget elementor-widget-ovabrw_search_map\" data-id=\"fdecae1\" data-element_type=\"widget\" data-widget_type=\"ovabrw_search_map.default\">\n\t\t\t\t<div class=\"elementor-widget-container\">\n\t\t\t\t\t\n<div class=\"elementor_search_map ovabrw-search-modern\">\n\t\t<div class=\"wrap_search_map\">\n\t\t<!-- Search Map -->\n\t\t<div class=\"wrap_search\">\n\t\t\t\t\t\t<div class=\"fields_search ovabrw_wd_search\">\n\t\t\t\t<span class=\"toggle_filters\">\n\t\t\t\t\tToggle Filters\t\t\t\t\t<i class=\"icon_down arrow_triangle-down\"><\/i>\n\t\t\t\t\t<i class=\"icon_up arrow_triangle-up\"><\/i>\n\t\t\t\t<\/span>\n\t\t\t\t<form class=\"form_search_map\" autocomplete=\"off\" autocorrect=\"off\" autocapitalize=\"none\" action=\"\">\n\t\t\t\t\t<div class=\"wrap_content field\">\n\t\t\t\t\t\t\t\t\t\t\t\t\t\t\t\t<div class=\"label_search wrap_search_name\">\n\t\t\t\t\t\t\t\t\t\t\t<input type=\"text\" class=\"\" name=\"product_name\" value=\"\" placeholder=\"Product Name\" autocomplete=\"nope\" autocorrect=\"off\" autocapitalize=\"none\" \/>\t\t\t\t\t\t\t\t\t\t<\/div>\n\t\t\t\t\t\t\t\t\t\t\t\t\t\t\t\t\t\t\t<div class=\"label_search wrap_search_category\">\n\t\t\t\t\t\t\t\t\t\t\t<select  name='cat' id='cat' class='postform'>\n\t<option value=''>Select Category<\/option>\n\t<option class=\"level-0\" value=\"inna\">Inna<\/option>\n\t<option class=\"level-0\" value=\"wynajem\">Rent<\/option>\n<\/select>\n\t\t\t\t\t\t\t\t\t\t\t<input type=\"hidden\" class=\"\" name=\"cat_exclude\" value=\"&quot;&quot;\" placeholder=\"\"  \/>\t\t\t\t\t\t\t\t            <input type=\"hidden\" class=\"\" name=\"cat_include\" value=\"&quot;&quot;\" placeholder=\"\"  \/>\t\t\t\t\t\t\t\t\t\t<\/div>\n\t\t\t\t\t\t\t\t\t\t\t\t\t\t\t\t\t\t\t<div class=\"label_search wrap_search_start_location\">\n\t\t\t\t\t\t\t\t\t\t\t<select name=\"pickup_location\" class=\"\"><option value=\"\">Select Location<\/option><option value=\"Kowale\" >Kowale<\/option><\/select>\t\t\t\t\t\t\t\t\t\t<\/div>\n\t\t\t\t\t\t\t\t\t\t\t\t\t\t\t\t\t\t\t<div class=\"label_search wrap_search_end_location\">\n\t\t\t\t\t\t\t\t\t\t\t<select name=\"dropoff_location\" class=\"\"><option value=\"\">Select Location<\/option><option value=\"Kowale\" >Kowale<\/option><\/select>\t\t\t\t\t\t\t\t\t\t<\/div>\n\t\t\t\t\t\t\t\t\t\t\t\t\t\t\t\t\t\t\t<div class=\"label_search wrap_search_start_date\">\n\t\t\t\t\t\t\t\t\t\t\t<input type=\"text\" id=\"ovabrw_ovabrw_start_date_1776607954_1381975144\" class=\"ovabrw_start_date ovabrw-datetimepicker-start\" name=\"pickup_date\" value=\"\" placeholder=\"Pick-up date ...\"  \/>\t\t\t\t\t\t\t\t\t\t<\/div>\n\t\t\t\t\t\t\t\t\t\t\t\t\t\t\t\t\t\t\t<div class=\"label_search wrap_search_end_date\">\n\t\t\t\t\t\t\t\t\t\t\t<input type=\"text\" id=\"ovabrw_ovabrw_dropoff_date_1776607954_962552646\" class=\"ovabrw_end_date ovabrw-datetimepicker-end\" name=\"dropoff_date\" value=\"\" placeholder=\"Drop-off date ...\"  \/>\t\t\t\t\t\t\t\t\t\t<\/div>\n\t\t\t\t\t\t\t\t\t\t\t\t\t\t\t<input \ttype=\"hidden\" id=\"data_taxonomy_custom\" name=\"data_taxonomy_custom\" \n\t\t\t\t\t\t\t\tvalue=\"[]\" \/>\n\t\t\t\t\t<\/div><!-- wrap_content -->\n\n\t\t\t\t\t<!-- Radius -->\n\t\t\t\t\t<div class=\"wrap_search_radius\" \n\t\t\t\t\t\tdata-map_range_radius=\"50\" \n\t\t\t\t\t\tdata-map_range_radius_min=\"0\" \n\t\t\t\t\t\tdata-map_range_radius_max=\"100\">\n\t\t\t\t\t\t<span>\n\t\t\t\t\t\t\tRadius:\t\t\t\t\t\t<\/span>\n\t\t\t\t\t\t<span class=\"result_radius\">\n\t\t\t\t\t\t\t50\t\t\t\t\t\t\tkm\t\t\t\t\t\t<\/span>\n\t\t\t\t\t\t<div id=\"wrap_pointer\"><\/div>\n\t\t\t\t\t\t<input\n\t\t\t\t\t\t\ttype=\"hidden\"\n\t\t\t\t\t\t\tvalue=\"\"\n\t\t\t\t\t\t\tname=\"radius\"\n\t\t\t\t\t\t\/>\n\t\t\t\t\t<\/div>\n\t\t\t\t\t<!-- End Radius -->\n\n\t\t\t\t\t<!-- Filter title -->\n\t\t\t\t\t<div class=\"wrap_search_filter_title\">\n\t\t\t\t\t\t<div class=\"results_found\">\n\t\t\t\t\t\t\t\t\t\t\t\t\t\t<span>\n\t\t\t\t\t\t\t\t3 Results Found\t\t\t\t\t\t\t<\/span>\n\t\t\t\t\t\t\t\n\t\t\t\t\t\t\t\t\t\t\t\t\t\t\t<span>\n\t\t\t\t\t\t\t\t\t(Showing 1-3)\t\t\t\t\t\t\t\t<\/span>\n\t\t\t\t\t\t\t\t\t\t\t\t\t<\/div>\n\n\t\t\t\t\t\t<div id=\"search_sort\">\n\t\t\t\t\t\t\t\t\t\t\t\t\t\t<select name=\"sort\">\n\t\t\t\t\t\t\t\t<option value=\"\">\n\t\t\t\t\t\t\t\t\tSort By\t\t\t\t\t\t\t\t<\/option>\n\t\t\t\t\t\t\t\t<option value=\"date-desc\" selected='selected'>\n\t\t\t\t\t\t\t\t\tNewest First\t\t\t\t\t\t\t\t<\/option>\n\t\t\t\t\t\t\t\t<option value=\"date-asc\">\n\t\t\t\t\t\t\t\t\tOldest First\t\t\t\t\t\t\t\t<\/option>\n\t\t\t\t\t\t\t\t\t\t\t\t\t\t\t\t\t<option value=\"rating\">\n\t\t\t\t\t\t\t\t\t\tAverage rating\t\t\t\t\t\t\t\t\t<\/option>\n\t\t\t\t\t\t\t\t\t\t\t\t\t\t\t\t<option value=\"a-z\" >\n\t\t\t\t\t\t\t\t\tA-Z\t\t\t\t\t\t\t\t<\/option>\n\t\t\t\t\t\t\t\t<option value=\"z-a\"  >\n\t\t\t\t\t\t\t\t\tZ-A\t\t\t\t\t\t\t\t<\/option>\n\t\t\t\t\t\t\t<\/select>\n\t\t\t\t\t\t<\/div>\n\t\t\t\t\t<\/div><!-- End filter title -->\n\t\t\t\t<input type=\"hidden\" name=\"trp-form-language\" value=\"en\"\/><\/form>\n\t\t\t<\/div><!-- fields_search -->\n\t\t\t\n\t\t\t<!-- Load more -->\n\t\t\t<div class=\"wrap_load_more\" style=\"display: none;\">\n\t\t\t\t<svg class=\"loader\" width=\"50\" height=\"50\">\n\t\t\t\t\t<circle cx=\"25\" cy=\"25\" r=\"10\" stroke=\"#e86c60\"\/>\n\t\t\t\t\t<circle cx=\"25\" cy=\"25\" r=\"20\" stroke=\"#e86c60\"\/>\n\t\t\t\t<\/svg>\n\t\t\t<\/div>\n\t\t\t<!-- End load more -->\n\n\t\t\t<!-- Search result -->\n\t\t\t<div\n\t\t\t\tid=\"search_result\"\n\t\t\t\tclass=\"search_result\"\n\t\t\t\tdata-card=\"card1\"\n\t\t\t\tdata-column=\"three-column\"\n\t\t\t\tdata-zoom=\"\"\n\t\t\t\tdata-default-location=\"yes\"\n\t\t\t\tdata-order=\"DESC\"\n\t\t\t\tdata-orderby=\"date\"\n\t\t\t\tdata-per_page=\"4\"\n\t\t\t\tdata-lat=\"54.3407616\"\n\t\t\t\tdata-lng=\"18.7006007\"\n\t\t\t\tdata-marker_option=\"icon\"\n\t\t\t\tdata-marker_icon=\"\"\n\t\t\t\tdata-show_featured=\"yes\">\n\t\t\t\t\t\t\t<\/div><!-- search_result -->\n\t\t<\/div><!-- wrap_search -->\n\n\t\t\t<\/div>\n<\/div>\t\t\t\t<\/div>\n\t\t\t\t<\/div>\n\t\t\t\t\t<\/div>\n\t\t\t\t<\/div>\n\t\t\t\t<\/div>","protected":false},"excerpt":{"rendered":"<p>Prze\u0142\u0105cz filtry Wybierz kategori\u0119InnaWynajem Wybierz lokalizacj\u0119Kowale Wybierz lokalizacj\u0119Kowale Promie\u0144: 50 km 3 Znalezionych wynik\u00f3w (Wy\u015bwietlone 1-3) Sortuj wed\u0142ug Od najnowszych Od najstarszych \u015arednia ocena A-Z Z-A<\/p>","protected":false},"author":2,"featured_media":0,"parent":0,"menu_order":0,"comment_status":"closed","ping_status":"closed","template":"elementor_header_footer","meta":{"footnotes":""},"class_list":["post-7542","page","type-page","status-publish","hentry"],"_links":{"self":[{"href":"https:\/\/karo-one-rent.pl\/en\/wp-json\/wp\/v2\/pages\/7542","targetHints":{"allow":["GET"]}}],"collection":[{"href":"https:\/\/karo-one-rent.pl\/en\/wp-json\/wp\/v2\/pages"}],"about":[{"href":"https:\/\/karo-one-rent.pl\/en\/wp-json\/wp\/v2\/types\/page"}],"author":[{"embeddable":true,"href":"https:\/\/karo-one-rent.pl\/en\/wp-json\/wp\/v2\/users\/2"}],"replies":[{"embeddable":true,"href":"https:\/\/karo-one-rent.pl\/en\/wp-json\/wp\/v2\/comments?post=7542"}],"version-history":[{"count":0,"href":"https:\/\/karo-one-rent.pl\/en\/wp-json\/wp\/v2\/pages\/7542\/revisions"}],"wp:attachment":[{"href":"https:\/\/karo-one-rent.pl\/en\/wp-json\/wp\/v2\/media?parent=7542"}],"curies":[{"name":"wp","href":"https:\/\/api.w.org\/{rel}","templated":true}]}}