{"id":7530,"date":"2024-08-01T09:06:15","date_gmt":"2024-08-01T07:06:15","guid":{"rendered":"https:\/\/karo-one-rent.pl\/?page_id=70"},"modified":"2025-03-14T08:07:40","modified_gmt":"2025-03-14T07:07:40","slug":"lista-wyszukiwania-samochodow","status":"publish","type":"page","link":"https:\/\/karo-one-rent.pl\/en\/lista-wyszukiwania-samochodow\/","title":{"rendered":"Car Search List"},"content":{"rendered":"<div data-elementor-type=\"wp-page\" data-elementor-id=\"7530\" class=\"elementor elementor-7530\">\n\t\t\t\t<div class=\"elementor-element elementor-element-42e2b29 e-flex e-con-boxed e-con e-parent\" data-id=\"42e2b29\" data-element_type=\"container\">\n\t\t\t\t\t<div class=\"e-con-inner\">\n\t\t\t\t<div class=\"elementor-element elementor-element-94c450a elementor-widget elementor-widget-remons_elementor_product_search_ajax\" data-id=\"94c450a\" data-element_type=\"widget\" data-widget_type=\"remons_elementor_product_search_ajax.default\">\n\t\t\t\t<div class=\"elementor-widget-container\">\n\t\t\t\t\t\t\t\t<div class=\"ovabrw-product-search-ajax search-position-left\">\n\t\t\t\t<div class=\"ova-product-search ovabrw_wd_search\">\n\t\t\t\t\t<form\n\t\t\t\t\t\tclass=\"product-search-form\"\n\t\t\t\t\t\tmethod=\"POST\"\n\t\t\t\t\t\taction=\"\"\n\t\t\t\t\t\tautocomplete=\"off\"\n\t\t\t\t\t\tautocapitalize=\"none\" data-trp-original-action=\"\">\n\t\t\t\t\t\t<div class=\"product-search-content wrap_content column1\">\n\t\t\t\t\t\t\t<h2 class=\"search-heading\">\n\t\t\t\t\t\t\t\tSearch for a car\t\t\t\t\t\t\t<\/h2>\n\t\t\t\t\t\t\t\t\t\t\t\t\t\t\t\t\t<div class=\"label_search ova-pickup-date\">\n\t\t\t\t\t\t\t\t\t\t\t<label class=\"field-label\">\n\t\t\t\t\t\t\t\t\t\t\t\tPickup date\t\t\t\t\t\t\t\t\t\t\t<\/label>\n\t\t\t\t\t\t\t\t\t\t\t<div class=\"input-with-icon\" style=\"position: relative;\">\n\t\t\t\t\t\t\t\t\t\t\t\t<input type=\"text\" id=\"ovabrw_ovabrw_pickup_date_1776607882_1603684665\" class=\"ovabrw_start_date ovabrw-datetimepicker-start\" name=\"pickup_date\" value=\"\" placeholder=\"d-m-Y H:i\"  \/>\t\t\t\t\t\t\t\t\t\t\t\t<i class=\"ova-calendar ovaicon-calendar\"><\/i>\n\t\t\t\t\t\t\t\t\t\t\t<\/div>\n\t\t\t\t\t\t\t\t\t\t<\/div>\n\t\t\t\t\t\t\t\t\t\t\t\t\t\t\t\t\t\t\t\t<div class=\"label_search ova-dropoff-date\">\n\t\t\t\t\t\t\t\t\t\t\t<label class=\"field-label\">\n\t\t\t\t\t\t\t\t\t\t\t\tReturn date\t\t\t\t\t\t\t\t\t\t\t<\/label>\n\t\t\t\t\t\t\t\t\t\t\t<div class=\"input-with-icon\" style=\"position: relative;\">\n\t\t\t\t\t\t\t\t\t\t\t\t<input type=\"text\" id=\"ovabrw_ovabrw_dropoff_date_1776607882_832329891\" class=\"ovabrw_end_date ovabrw-datetimepicker-end\" name=\"dropoff_date\" value=\"\" placeholder=\"d-m-Y H:i\"  \/>\t\t\t\t\t\t\t\t\t\t\t\t<i class=\"ova-calendar ovaicon-calendar\"><\/i>\n\t\t\t\t\t\t\t\t\t\t\t<\/div>\n\t\t\t\t\t\t\t\t\t\t<\/div>\n\t\t\t\t\t\t\t\t\t\t\t\t\t\t\t\t\t\t\t\t<div class=\"label_search ova-category\">\n\t\t\t\t\t\t\t\t\t\t\t<label class=\"field-label\">\n\t\t\t\t\t\t\t\t\t\t\t\tCar type\t\t\t\t\t\t\t\t\t\t\t<\/label>\n\t\t\t\t\t\t\t\t\t\t\t<select  name='cat' id='cat' class='postform'>\n\t<option value=''>Car type<\/option>\n\t<option class=\"level-0\" value=\"inna\">Inna<\/option>\n\t<option class=\"level-0\" value=\"wynajem\">Rent<\/option>\n<\/select>\n\t\t\t\t\t\t\t\t\t\t<\/div>\n\t\t\t\t\t\t\t\t\t\t\t\t\t\t\t\t\t\t\t\t<div class=\"label_search ova-pickup-location\">\n\t\t\t\t\t\t\t\t\t\t\t<label class=\"field-label\">\n\t\t\t\t\t\t\t\t\t\t\t\tPick-up location\t\t\t\t\t\t\t\t\t\t\t<\/label>\n\t\t\t\t\t\t\t\t\t\t\t<select name=\"pickup_location\" class=\"\"><option value=\"\">Select Location<\/option><option value=\"Kowale\" >Kowale<\/option><\/select>\t\t\t\t\t\t\t\t\t\t<\/div>\n\t\t\t\t\t\t\t\t\t\t\t\t\t\t\t\t\t\t\t\t<div class=\"label_search ova-quantity\">\n\t\t\t\t\t\t\t\t\t\t\t<label class=\"field-label\">\n\t\t\t\t\t\t\t\t\t\t\t\tQuantity\t\t\t\t\t\t\t\t\t\t\t<\/label>\n\t\t\t\t\t\t\t\t\t\t\t<div class=\"quantity-button\">\n\t\t\t\t\t\t\t\t\t\t\t\t<input\n\t\t\t\t\t\t\t\t\t\t\t\t\ttype=\"text\"\n\t\t\t\t\t\t\t\t\t\t\t\t\tid=\"ovabrw_quantity\"\n\t\t\t\t\t\t\t\t\t\t\t\t\tclass=\"ovabrw_quantity\"\n\t\t\t\t\t\t\t\t\t\t\t\t\tname=\"ovabrw_quantity\"\n\t\t\t\t\t\t\t\t\t\t\t\t\tvalue=\"1\"\n\t\t\t\t\t\t\t\t\t\t\t\t\tmin=\"1\"\n\t\t\t\t\t\t\t\t\t\t\t\t\/>\n\t\t\t\t\t\t\t\t\t\t\t\t<div class=\"quantity-icon minus\">\n\t\t\t\t\t\t\t\t\t\t\t\t\t<i class=\"ovaicon ovaicon-minus\"><\/i>\n\t\t\t\t\t\t\t\t\t\t\t\t<\/div>\n\t\t\t\t\t\t\t\t\t\t\t\t<div class=\"quantity-icon plus\">\n\t\t\t\t\t\t\t\t\t\t\t\t\t<i class=\"ovaicon ovaicon-plus\"><\/i>\n\t\t\t\t\t\t\t\t\t\t\t\t<\/div>\n\t\t\t\t\t\t\t\t\t\t\t<\/div>\n\t\t\t\t\t\t\t\t\t\t<\/div>\n\t\t\t\t\t\t\t\t\t\t\t\t\t\t\t\t\t\t<div class=\"show_taxonomy\" data-show_taxonomy=\"\"><\/div>\n\t\t\t\t\t\t\t\t<input\n\t\t\t\t\t\t\t\t\ttype=\"hidden\"\n\t\t\t\t\t\t\t\t\tid=\"data_taxonomy_custom\"\n\t\t\t\t\t\t\t\t\tname=\"data_taxonomy_custom\"\n\t\t\t\t\t\t\t\t\tvalue=\"[]\"\n\t\t\t\t\t\t\t\t\/>\n\t\t\t\t\t\t\t\n\t\t\t\t\t\t\t<div class=\"product-search-submit\">\n\t\t\t                    <button class=\"ovabrw_btn_submit\" type=\"submit\">\n\t\t\t                    \tFind a car\t\t\t                    \t\t\t\t                    <\/button>\n\t\t\t                <\/div>\n\n\t\t\t\t            \t\t\t\t\t\t<\/div>      \n\t\t\t\t\t<input type=\"hidden\" name=\"trp-form-language\" value=\"en\"\/><\/form>\n\t\t\t\t<\/div>\n\n\t\t\t\t<div class=\"wrap_search_result\">\n\t\t\t\t\t\t\t\t\t\t\t<div class=\"wrap_search_filter\">\n\t\t\t\t\t\t\t\t\t\t\t\t\t\t\t<div class=\"results_found\">\n\t\t\t\t\t\t\t\t\t\t\t\t\t\t\t\t\t\t<span>\n\t\t\t\t\t\t\t\t\t\t3 Results Found\t\t\t\t\t\t\t\t\t<\/span>\n\t\t\t\t\t\t\t\t\t\n\t\t\t\t\t\t\t\t\t\t\t\t\t\t\t\t\t\t\t<span>\n\t\t\t\t\t\t\t\t\t\t\t(Showing 1-3)\t\t\t\t\t\t\t\t\t\t<\/span>\n\t\t\t\t\t\t\t\t\t\t\t\t\t\t\t\t\t<\/div>\n\t\t\t\t\t\t\t\n\t\t\t\t\t\t\t\t\t\t\t\t\t\t\t<div id=\"search_sort\">\n\t\t\t\t\t\t\t\t\t\t\t\t\t\t\t\t\t\t<select name=\"sort\">\n\t\t\t\t\t\t\t\t\t\t<option value=\"\">Sort By<\/option>\n\t\t\t\t\t\t\t\t\t\t<option value=\"date-desc\" selected='selected'>\n\t\t\t\t\t\t\t\t\t\t\tNewest First\t\t\t\t\t\t\t\t\t\t<\/option>\n\t\t\t\t\t\t\t\t\t\t<option value=\"date-asc\">\n\t\t\t\t\t\t\t\t\t\t\tOldest First\t\t\t\t\t\t\t\t\t\t<\/option>\n\t\t\t\t\t\t\t\t\t\t\t\t\t\t\t\t\t\t\t\t\t<option value=\"rating\">\n\t\t\t\t\t\t\t\t\t\t\t\tAverage rating\t\t\t\t\t\t\t\t\t\t\t<\/option>\n\t\t\t\t\t\t\t\t\t\t\t\t\t\t\t\t\t\t\t\t<option value=\"a-z\" >\n\t\t\t\t\t\t\t\t\t\t\tA-Z\t\t\t\t\t\t\t\t\t\t<\/option>\n\t\t\t\t\t\t\t\t\t\t<option value=\"z-a\"  >\n\t\t\t\t\t\t\t\t\t\t\tZ-A\t\t\t\t\t\t\t\t\t\t<\/option>\n\t\t\t\t\t\t\t\t\t<\/select>\n\t\t\t\t\t\t\t\t<\/div>\n\t\t\t\t\t\t\t\t\t\t\t\t\t<\/div>\n\t\t\t\t\t\n\t\t\t\t\t<!-- Radius -->\n\t\t\t\t\t<div class=\"wrap_search_radius\" \n\t\t\t\t\t\tdata-map_range_radius=\"50\" \n\t\t\t\t\t\tdata-map_range_radius_min=\"0\" \n\t\t\t\t\t\tdata-map_range_radius_max=\"100\">\n\t\t\t\t\t\t<span>Radius:<\/span>\n\t\t\t\t\t\t<span class=\"result_radius\">\n\t\t\t\t\t\t\t50\t\t\t\t\t\t\tkm\t\t\t\t\t\t<div id=\"wrap_pointer\"><\/div>\n\t\t\t\t\t\t<input\n\t\t\t\t\t\t\ttype=\"hidden\"\n\t\t\t\t\t\t\tvalue=\"\"\n\t\t\t\t\t\t\tname=\"radius\"\n\t\t\t\t\t\t\/>\n\t\t\t\t\t<\/div>\n\t\t\t\t\t<!-- End Radius -->\n\n\t\t\t\t\t<!-- Load more -->\n\t\t\t\t\t<div class=\"wrap_load_more\" style=\"display: none;\">\n\t\t\t\t\t\t<svg class=\"loader\" width=\"50\" height=\"50\">\n\t\t\t\t\t\t\t<circle cx=\"25\" cy=\"25\" r=\"10\" stroke=\"#FF3726\"\/>\n\t\t\t\t\t\t\t<circle cx=\"25\" cy=\"25\" r=\"20\" stroke=\"#FF3726\"\/>\n\t\t\t\t\t\t<\/svg>\n\t\t\t\t\t<\/div>\n\n\t\t\t\t\t<!-- Search result -->\n\t\t\t\t\t<div\n\t\t\t\t\t\tid=\"search_result\"\n\t\t\t\t\t\tclass=\"search_result\"\n\t\t\t\t\t\tdata-card=\"card5\"\n\t\t\t\t\t\tdata-column=\"two-column\"\n\t\t\t\t\t\tdata-order=\"DESC\"\n\t\t\t\t\t\tdata-orderby=\"date\"\n\t\t\t\t\t\tdata-per_page=\"5\"\n\t\t\t\t\t\tdata-lat=\"54.3407616\"\n\t\t\t\t\t\tdata-lng=\"18.7006007\"\n\t\t\t\t\t>\n\t\t\t\t\t\t\t\t\t\t\t<\/div>\n\t\t\t\t<\/div>\n\t\t\t<\/div>\n\t\t\t\t\t\t<\/div>\n\t\t\t\t<\/div>\n\t\t\t\t\t<\/div>\n\t\t\t\t<\/div>\n\t\t\t\t<\/div>","protected":false},"excerpt":{"rendered":"<p>Wyszukaj samoch\u00f3d Data odbioru Data zwrotu Typ samochodu Typ samochoduBez kategoriiCabrioletJeepLimousineSedanSportsSUV Miejsce odbioru Wybierz lokalizacj\u0119GdyniaGda\u0144sk Ilo\u015b\u0107 Znajd\u017a samoch\u00f3d 11 Results Found (Showing 1-5) Sort By Newest First Oldest First Average rating A-Z Z-A Radius: 50km 1 2 3 Next<\/p>","protected":false},"author":1,"featured_media":0,"parent":0,"menu_order":0,"comment_status":"closed","ping_status":"closed","template":"elementor_header_footer","meta":{"footnotes":""},"class_list":["post-7530","page","type-page","status-publish","hentry"],"_links":{"self":[{"href":"https:\/\/karo-one-rent.pl\/en\/wp-json\/wp\/v2\/pages\/7530","targetHints":{"allow":["GET"]}}],"collection":[{"href":"https:\/\/karo-one-rent.pl\/en\/wp-json\/wp\/v2\/pages"}],"about":[{"href":"https:\/\/karo-one-rent.pl\/en\/wp-json\/wp\/v2\/types\/page"}],"author":[{"embeddable":true,"href":"https:\/\/karo-one-rent.pl\/en\/wp-json\/wp\/v2\/users\/1"}],"replies":[{"embeddable":true,"href":"https:\/\/karo-one-rent.pl\/en\/wp-json\/wp\/v2\/comments?post=7530"}],"version-history":[{"count":0,"href":"https:\/\/karo-one-rent.pl\/en\/wp-json\/wp\/v2\/pages\/7530\/revisions"}],"wp:attachment":[{"href":"https:\/\/karo-one-rent.pl\/en\/wp-json\/wp\/v2\/media?parent=7530"}],"curies":[{"name":"wp","href":"https:\/\/api.w.org\/{rel}","templated":true}]}}